{"id":366,"date":"2025-05-26T05:37:20","date_gmt":"2025-05-26T05:37:20","guid":{"rendered":"https:\/\/mvs.streamlinegmbh.de\/?page_id=366"},"modified":"2026-02-20T13:18:35","modified_gmt":"2026-02-20T13:18:35","slug":"baustellenunterkuenfte","status":"publish","type":"page","link":"https:\/\/mvs24.net\/en\/baustellenunterkuenfte\/","title":{"rendered":"<div class=\"deine-klasse\">Construction workers accommodation<\/div>"},"content":{"rendered":"<div data-elementor-type=\"wp-page\" data-elementor-id=\"366\" class=\"elementor elementor-366\" data-elementor-post-type=\"page\">\n\t\t\t\t<div class=\"elementor-element elementor-element-c681065 e-flex e-con-boxed e-con e-parent\" data-id=\"c681065\" data-element_type=\"container\" data-e-type=\"container\">\n\t\t\t\t\t<div class=\"e-con-inner\">\n\t\t<div class=\"elementor-element elementor-element-5f98a5e e-con-full e-flex e-con e-child\" data-id=\"5f98a5e\" data-element_type=\"container\" data-e-type=\"container\">\n\t\t<div class=\"elementor-element elementor-element-da26be8 e-con-full e-flex e-con e-child\" data-id=\"da26be8\" data-element_type=\"container\" data-e-type=\"container\" data-settings=\"{&quot;background_background&quot;:&quot;classic&quot;}\">\n\t\t\t\t<div class=\"elementor-element elementor-element-60aa0fa elementor-widget__width-inherit elementor-widget elementor-widget-image\" data-id=\"60aa0fa\" data-element_type=\"widget\" data-e-type=\"widget\" id=\"header-img\" data-widget_type=\"image.default\">\n\t\t\t\t<div class=\"elementor-widget-container\">\n\t\t\t\t\t\t\t\t\t\t\t\t\t\t\t<img fetchpriority=\"high\" decoding=\"async\" width=\"1024\" height=\"684\" src=\"https:\/\/mvs24.net\/wp-content\/uploads\/2025\/10\/shutterstock_672677197-1024x684.jpg\" class=\"attachment-large size-large wp-image-2847\" alt=\"Baustellenunterk\u00fcnfte: Eine weitl\u00e4ufige Gro\u00dfbaustelle mit einem im Bau befindlichen mehrst\u00f6ckigen Geb\u00e4ude aus Stahlbeton, flankiert von zwei gro\u00dfen Baukr\u00e4nen w\u00e4hrend eines farbenfrohen Sonnenuntergangs.\" srcset=\"https:\/\/mvs24.net\/wp-content\/uploads\/2025\/10\/shutterstock_672677197-1024x684.jpg 1024w, https:\/\/mvs24.net\/wp-content\/uploads\/2025\/10\/shutterstock_672677197-300x200.jpg 300w, https:\/\/mvs24.net\/wp-content\/uploads\/2025\/10\/shutterstock_672677197-768x513.jpg 768w, https:\/\/mvs24.net\/wp-content\/uploads\/2025\/10\/shutterstock_672677197-1536x1025.jpg 1536w, https:\/\/mvs24.net\/wp-content\/uploads\/2025\/10\/shutterstock_672677197-2048x1367.jpg 2048w\" sizes=\"(max-width: 1024px) 100vw, 1024px\" \/>\t\t\t\t\t\t\t\t\t\t\t\t\t\t\t<\/div>\n\t\t\t\t<\/div>\n\t\t\t\t<\/div>\n\t\t\t\t<div class=\"elementor-element elementor-element-dd559eb elementor-widget elementor-widget-text-editor\" data-id=\"dd559eb\" data-element_type=\"widget\" data-e-type=\"widget\" data-widget_type=\"text-editor.default\">\n\t\t\t\t<div class=\"elementor-widget-container\">\n\t\t\t\t\t\t\t\t\t<h1 style=\"font-weight: 900; color: #00ab9f;\">What is a construction site accommodation?<\/h1><p style=\"font-weight: 500; color: #909692;\" class=\"translation-block\">When working on construction projects, suitable accommodation close to the site is essential.\nConstruction site accommodation<br> refers to housing for fitters, craftsmen, and construction workers who stay for a limited period of time.\nThe goal is to provide<br> affordable accommodation as close to the construction site as possible.\nThis reduces travel time and ensures the team is <br>ready to work every day.<\/p><hr style=\"margin: 30px 0;\" \/><h2 style=\"font-weight: 900; color: #00ab9f;\">What types of construction site accommodation are generally available?<\/h2>\t\t\t\t\t\t\t\t<\/div>\n\t\t\t\t<\/div>\n\t\t<div class=\"elementor-element elementor-element-26d74ae e-con-full e-flex e-con e-child\" data-id=\"26d74ae\" data-element_type=\"container\" data-e-type=\"container\">\n\t\t<div class=\"elementor-element elementor-element-371a3e8 e-con-full e-flex e-con e-child\" data-id=\"371a3e8\" data-element_type=\"container\" data-e-type=\"container\">\n\t\t<div class=\"elementor-element elementor-element-a87cf75 e-con-full e-flex e-con e-child\" data-id=\"a87cf75\" data-element_type=\"container\" data-e-type=\"container\" data-settings=\"{&quot;background_background&quot;:&quot;classic&quot;}\">\n\t\t\t\t<\/div>\n\t\t<div class=\"elementor-element elementor-element-d5a64ee e-con-full e-flex e-con e-child\" data-id=\"d5a64ee\" data-element_type=\"container\" data-e-type=\"container\" data-settings=\"{&quot;background_background&quot;:&quot;classic&quot;}\">\n\t\t\t\t<\/div>\n\t\t<div class=\"elementor-element elementor-element-f04076e e-con-full e-flex e-con e-child\" data-id=\"f04076e\" data-element_type=\"container\" data-e-type=\"container\" data-settings=\"{&quot;background_background&quot;:&quot;classic&quot;}\">\n\t\t\t\t<\/div>\n\t\t\t\t<\/div>\n\t\t<div class=\"elementor-element elementor-element-02a97a0 e-con-full e-flex e-con e-child\" data-id=\"02a97a0\" data-element_type=\"container\" data-e-type=\"container\">\n\t\t<div class=\"elementor-element elementor-element-20f1bb6 e-con-full e-flex e-con e-child\" data-id=\"20f1bb6\" data-element_type=\"container\" data-e-type=\"container\">\n\t\t\t\t<div class=\"elementor-element elementor-element-e8cd577 elementor-widget elementor-widget-html\" data-id=\"e8cd577\" data-element_type=\"widget\" data-e-type=\"widget\" data-widget_type=\"html.default\">\n\t\t\t\t<div class=\"elementor-widget-container\">\n\t\t\t\t\t<p style=\"font-weight: 500; color: #909692;\">\n<span style=\"font-weight: 900; color: #00ab9f;\">Residential containers and modular buildings<\/span><br>\nProbably the best-known form of construction site accommodation. Individual containers or complete modular buildings can be set up quickly and expanded flexibly. They offer bedrooms, lounges, offices, and sanitary facilities\u2014ideal for larger construction sites and longer periods of use.\n<\/p>\n\t\t\t\t<\/div>\n\t\t\t\t<\/div>\n\t\t\t\t<\/div>\n\t\t<div class=\"elementor-element elementor-element-7c2bb33 e-con-full e-flex e-con e-child\" data-id=\"7c2bb33\" data-element_type=\"container\" data-e-type=\"container\">\n\t\t\t\t<div class=\"elementor-element elementor-element-c41e1fd elementor-widget elementor-widget-html\" data-id=\"c41e1fd\" data-element_type=\"widget\" data-e-type=\"widget\" data-widget_type=\"html.default\">\n\t\t\t\t<div class=\"elementor-widget-container\">\n\t\t\t\t\t<p style=\"font-weight: 500; color: #909692;\">\n<span style=\"font-weight: 900; color: #00ab9f;\">Hotels or guesthouses<\/span><br>\nAn external solution when accommodation cannot be provided directly on the construction site. Practical, but often more expensive and less tailored to the needs of construction workers or fitters.\n<\/p>\n\t\t\t\t<\/div>\n\t\t\t\t<\/div>\n\t\t\t\t<\/div>\n\t\t<div class=\"elementor-element elementor-element-0acaf3f e-con-full e-flex e-con e-child\" data-id=\"0acaf3f\" data-element_type=\"container\" data-e-type=\"container\">\n\t\t\t\t<div class=\"elementor-element elementor-element-4b4c736 elementor-widget elementor-widget-html\" data-id=\"4b4c736\" data-element_type=\"widget\" data-e-type=\"widget\" data-widget_type=\"html.default\">\n\t\t\t\t<div class=\"elementor-widget-container\">\n\t\t\t\t\t<p style=\"font-weight: 500; color: #909692;\" class=\"translation-block\"><span style=\"font-weight: 900;color: #00ab9f\">Workers' accommodation (our specialization) <\/span><br>\nFully equipped apartments or houses for fitters, craftsmen, and construction workers. With a kitchen, bathroom, laundry facilities, and several sleeping areas, they are the most cost-effective and flexible solution for companies that do not want to build their own accommodation.<\/p>\n\t\t\t\t<\/div>\n\t\t\t\t<\/div>\n\t\t\t\t<\/div>\n\t\t\t\t<\/div>\n\t\t\t\t<\/div>\n\t\t<div class=\"elementor-element elementor-element-bfac23b e-con-full e-flex e-con e-child\" data-id=\"bfac23b\" data-element_type=\"container\" data-e-type=\"container\">\n\t\t<div class=\"elementor-element elementor-element-61f356e e-con-full e-flex e-con e-child\" data-id=\"61f356e\" data-element_type=\"container\" data-e-type=\"container\">\n\t\t\t\t<div class=\"elementor-element elementor-element-32c9ee5 elementor-widget elementor-widget-html\" data-id=\"32c9ee5\" data-element_type=\"widget\" data-e-type=\"widget\" data-widget_type=\"html.default\">\n\t\t\t\t<div class=\"elementor-widget-container\">\n\t\t\t\t\t<h2 style=\"font-weight: 900; color: #00ab9f;\">What Is the Difference Between Construction site accommodation and worker accommodation?<\/h2>\n<p style=\"font-weight: 500; color: #909692;\" class=\"translation-block\">Construction site accommodation <span style=\"font-weight: 900;color: #00ab9f\">is a general term referring to all types of housing located directly at or near a construction site.<\/span><br><br>\n\nWorker \/ fitter accommodation <span style=\"font-weight: 900;color: #00ab9f\">is the most common and practical solution: furnished, affordable apartments with kitchen, bathroom, and sleeping facilities for several people.<\/span><br><br>\n\n<span style=\"font-weight: 900;color: #00ab9f\">In this sense,<\/span> worker accommodation is the practical implementation of construction site accommodation.<\/p>\n\t\t\t\t<\/div>\n\t\t\t\t<\/div>\n\t\t\t\t<div class=\"elementor-element elementor-element-abd3364 elementor-widget elementor-widget-button\" data-id=\"abd3364\" data-element_type=\"widget\" data-e-type=\"widget\" data-widget_type=\"button.default\">\n\t\t\t\t<div class=\"elementor-widget-container\">\n\t\t\t\t\t\t\t\t\t<div class=\"elementor-button-wrapper\">\n\t\t\t\t\t<a class=\"elementor-button elementor-button-link elementor-size-sm\" href=\"\/en\/kontakt\/\">\n\t\t\t\t\t\t<span class=\"elementor-button-content-wrapper\">\n\t\t\t\t\t\t\t\t\t<span class=\"elementor-button-text\">GET FREE CONSULTATION<\/span>\n\t\t\t\t\t<\/span>\n\t\t\t\t\t<\/a>\n\t\t\t\t<\/div>\n\t\t\t\t\t\t\t\t<\/div>\n\t\t\t\t<\/div>\n\t\t\t\t<\/div>\n\t\t<div class=\"elementor-element elementor-element-19fd2c3 e-con-full e-flex e-con e-child\" data-id=\"19fd2c3\" data-element_type=\"container\" data-e-type=\"container\">\n\t\t\t\t<div class=\"elementor-element elementor-element-d036655 elementor-widget elementor-widget-html\" data-id=\"d036655\" data-element_type=\"widget\" data-e-type=\"widget\" data-widget_type=\"html.default\">\n\t\t\t\t<div class=\"elementor-widget-container\">\n\t\t\t\t\t<h3 style=\"font-weight: 900; color: #00ab9f;\">Our Service \u2013 accommodation near construction sites across Europe<\/h3>\n<p style=\"font-weight: 500; color: #909692;\" class=\"translation-block\">MVS specializes in <span style=\"font-weight: 900;color: #00ab9f\">organizing <\/span>suitable accommodation close to construction sites. We support companies, contractors, and project managers by finding the right housing for their teams quickly and efficiently.<br><br>\nWe arrange construction site accommodation throughout Germany and in major metropolitan areas across Europe, tailored to the location of the project, team size, and duration of stay.<br><br>\nWhether for short-term assignments or long-term projects, we ensure your workforce is housed comfortably, affordably, and close to the job site.<\/p>\n\t\t\t\t<\/div>\n\t\t\t\t<\/div>\n\t\t\t\t<\/div>\n\t\t\t\t<\/div>\n\t\t<div class=\"elementor-element elementor-element-051793d e-con-full e-flex e-con e-child\" data-id=\"051793d\" data-element_type=\"container\" data-e-type=\"container\">\n\t\t\t\t<div class=\"elementor-element elementor-element-0dad9d5 elementor-widget elementor-widget-html\" data-id=\"0dad9d5\" data-element_type=\"widget\" data-e-type=\"widget\" data-widget_type=\"html.default\">\n\t\t\t\t<div class=\"elementor-widget-container\">\n\t\t\t\t\t<h2 style=\"font-weight: 900; color: #00ab9f;\">Advantages of construction site accommodation<\/h2>\n<p style=\"font-weight: 500; color: #909692;\">\n<span style=\"color: #00ab9f; font-weight: 900; margin-right: 8px;\">\u2714<\/span>More affordable than hotels \u2013 ideal for longer stays<br>\n<span style=\"color: #00ab9f; font-weight: 900; margin-right: 8px;\">\u2714<\/span>Self-catering possible \u2013 with kitchen and full equipment<br>\n<span style=\"color: #00ab9f; font-weight: 900; margin-right: 8px;\">\u2714<\/span>More space for teams \u2013 multiple rooms, living areas, and sanitary facilities<br>\n<span style=\"color: #00ab9f; font-weight: 900; margin-right: 8px;\">\u2714<\/span>Close to the construction site \u2013 saves time, travel, and fuel costs<br>\n<span style=\"color: #00ab9f; font-weight: 900; margin-right: 8px;\">\u2714<\/span>Flexible booking \u2013 short-term and long-term\n<\/p>\n\n<h2 style=\"font-weight: 900; color: #00ab9f;\">Frequently asked questions (FAQ)<\/h2>\n<p style=\"font-weight: 500; color: #909692;\">\n<span style=\"font-weight: 900; color: #00ab9f;\">How long can you rent construction site accommodation?<\/span><br>\n\u2013 Anything from a few days to several months, depending on your needs<br><br>\n\n<span style=\"font-weight: 900; color: #00ab9f;\">What amenities are included?What amenities are included?<\/span><br>\n\u2013 Fully equipped kitchen, bathroom, Wi-Fi, washing machine, and comfortable sleeping arrangements<br><br>\n\n<span style=\"font-weight: 900; color: #00ab9f;\">Is the accommodation only available for workers?<\/span><br>\n\u2013 Our offer is addressed to businesses (B2B).  Accommodation is also available for companies, tradespeople, construction managers, or project teams\n<\/p>\n\n<hr style=\"margin: 30px 0;\" \/>\n\t\t\t\t<\/div>\n\t\t\t\t<\/div>\n\t\t\t\t<\/div>\n\t\t\t\t<\/div>\n\t\t\t\t\t<\/div>\n\t\t\t\t<\/div>\n\t\t\t\t<\/div>","protected":false},"excerpt":{"rendered":"<p>Was ist eine Baustellenunterkunft? Unter dem Begriff Baustellenunterkunft versteht man in der Regel eine Unterkunft f\u00fcr Monteure, Handwerker oder Bauarbeiter, [&hellip;]<\/p>","protected":false},"author":1,"featured_media":0,"parent":0,"menu_order":0,"comment_status":"closed","ping_status":"closed","template":"","meta":{"_seopress_robots_primary_cat":"","_seopress_titles_title":"Baustellenunterk\u00fcnfte mieten \u2013 flexibel & bezugsfertig | MVS24","_seopress_titles_desc":"Baustellenunterk\u00fcnfte f\u00fcr Ihr Team \u2013 schnell verf\u00fcgbar, flexibel buchbar und ideal f\u00fcr kurze oder lange Projekte. Praktisch ausgestattet & sofort bezugsfertig.","_seopress_robots_index":"","site-sidebar-layout":"no-sidebar","site-content-layout":"","ast-site-content-layout":"full-width-container","site-content-style":"default","site-sidebar-style":"default","ast-global-header-display":"","ast-banner-title-visibility":"","ast-main-header-display":"","ast-hfb-above-header-display":"","ast-hfb-below-header-display":"","ast-hfb-mobile-header-display":"","site-post-title":"disabled","ast-breadcrumbs-content":"","ast-featured-img":"disabled","footer-sml-layout":"","ast-disable-related-posts":"","theme-transparent-header-meta":"","adv-header-id-meta":"","stick-header-meta":"","header-above-stick-meta":"","header-main-stick-meta":"","header-below-stick-meta":"","astra-migrate-meta-layouts":"default","ast-page-background-enabled":"default","ast-page-background-meta":{"desktop":{"background-color":"var(--ast-global-color-4)","background-image":"","background-repeat":"repeat","background-position":"center center","background-size":"auto","background-attachment":"scroll","background-type":"","background-media":"","overlay-type":"","overlay-color":"","overlay-opacity":"","overlay-gradient":""},"tablet":{"background-color":"","background-image":"","background-repeat":"repeat","background-position":"center center","background-size":"auto","background-attachment":"scroll","background-type":"","background-media":"","overlay-type":"","overlay-color":"","overlay-opacity":"","overlay-gradient":""},"mobile":{"background-color":"","background-image":"","background-repeat":"repeat","background-position":"center center","background-size":"auto","background-attachment":"scroll","background-type":"","background-media":"","overlay-type":"","overlay-color":"","overlay-opacity":"","overlay-gradient":""}},"ast-content-background-meta":{"desktop":{"background-color":"var(--ast-global-color-5)","background-image":"","background-repeat":"repeat","background-position":"center center","background-size":"auto","background-attachment":"scroll","background-type":"","background-media":"","overlay-type":"","overlay-color":"","overlay-opacity":"","overlay-gradient":""},"tablet":{"background-color":"var(--ast-global-color-5)","background-image":"","background-repeat":"repeat","background-position":"center center","background-size":"auto","background-attachment":"scroll","background-type":"","background-media":"","overlay-type":"","overlay-color":"","overlay-opacity":"","overlay-gradient":""},"mobile":{"background-color":"var(--ast-global-color-5)","background-image":"","background-repeat":"repeat","background-position":"center center","background-size":"auto","background-attachment":"scroll","background-type":"","background-media":"","overlay-type":"","overlay-color":"","overlay-opacity":"","overlay-gradient":""}},"footnotes":""},"class_list":["post-366","page","type-page","status-publish","hentry"],"_links":{"self":[{"href":"https:\/\/mvs24.net\/en\/wp-json\/wp\/v2\/pages\/366","targetHints":{"allow":["GET"]}}],"collection":[{"href":"https:\/\/mvs24.net\/en\/wp-json\/wp\/v2\/pages"}],"about":[{"href":"https:\/\/mvs24.net\/en\/wp-json\/wp\/v2\/types\/page"}],"author":[{"embeddable":true,"href":"https:\/\/mvs24.net\/en\/wp-json\/wp\/v2\/users\/1"}],"replies":[{"embeddable":true,"href":"https:\/\/mvs24.net\/en\/wp-json\/wp\/v2\/comments?post=366"}],"version-history":[{"count":73,"href":"https:\/\/mvs24.net\/en\/wp-json\/wp\/v2\/pages\/366\/revisions"}],"predecessor-version":[{"id":3228,"href":"https:\/\/mvs24.net\/en\/wp-json\/wp\/v2\/pages\/366\/revisions\/3228"}],"wp:attachment":[{"href":"https:\/\/mvs24.net\/en\/wp-json\/wp\/v2\/media?parent=366"}],"curies":[{"name":"wp","href":"https:\/\/api.w.org\/{rel}","templated":true}]}}