{"id":370,"date":"2025-05-26T05:37:50","date_gmt":"2025-05-26T05:37:50","guid":{"rendered":"https:\/\/mvs.streamlinegmbh.de\/?page_id=370"},"modified":"2026-02-20T13:17:53","modified_gmt":"2026-02-20T13:17:53","slug":"handwerkerwohnungen","status":"publish","type":"page","link":"https:\/\/mvs24.net\/en\/handwerkerwohnungen\/","title":{"rendered":"Basic worker apartment"},"content":{"rendered":"<div data-elementor-type=\"wp-page\" data-elementor-id=\"370\" class=\"elementor elementor-370\" data-elementor-post-type=\"page\">\n\t\t\t\t<div class=\"elementor-element elementor-element-cc4b3b4 e-flex e-con-boxed e-con e-parent\" data-id=\"cc4b3b4\" data-element_type=\"container\" data-e-type=\"container\">\n\t\t\t\t\t<div class=\"e-con-inner\">\n\t\t<div class=\"elementor-element elementor-element-fe7b0eb e-con-full e-flex e-con e-child\" data-id=\"fe7b0eb\" data-element_type=\"container\" data-e-type=\"container\">\n\t\t<div class=\"elementor-element elementor-element-5cff1cd e-con-full e-flex e-con e-child\" data-id=\"5cff1cd\" data-element_type=\"container\" data-e-type=\"container\" data-settings=\"{&quot;background_background&quot;:&quot;classic&quot;}\">\n\t\t\t\t<div class=\"elementor-element elementor-element-aa3cfc3 elementor-widget__width-inherit elementor-widget elementor-widget-image\" data-id=\"aa3cfc3\" data-element_type=\"widget\" data-e-type=\"widget\" id=\"header-img\" data-widget_type=\"image.default\">\n\t\t\t\t<div class=\"elementor-widget-container\">\n\t\t\t\t\t\t\t\t\t\t\t\t\t\t\t<img fetchpriority=\"high\" decoding=\"async\" width=\"1024\" height=\"683\" src=\"https:\/\/mvs24.net\/wp-content\/uploads\/2025\/10\/shutterstock_2515845465-1-min-1024x683.jpg\" class=\"attachment-large size-large wp-image-2856\" alt=\"Handwerkerwohnungen: Ein l\u00e4chelnder Techniker in blauer Arbeitskleidung und wei\u00dfem Schutzhelm steht mit einem Tablet vor einer gro\u00dffl\u00e4chigen Photovoltaikanlage im Sonnenlicht.\" srcset=\"https:\/\/mvs24.net\/wp-content\/uploads\/2025\/10\/shutterstock_2515845465-1-min-1024x683.jpg 1024w, https:\/\/mvs24.net\/wp-content\/uploads\/2025\/10\/shutterstock_2515845465-1-min-300x200.jpg 300w, https:\/\/mvs24.net\/wp-content\/uploads\/2025\/10\/shutterstock_2515845465-1-min-768x512.jpg 768w, https:\/\/mvs24.net\/wp-content\/uploads\/2025\/10\/shutterstock_2515845465-1-min-1536x1024.jpg 1536w, https:\/\/mvs24.net\/wp-content\/uploads\/2025\/10\/shutterstock_2515845465-1-min-2048x1365.jpg 2048w\" sizes=\"(max-width: 1024px) 100vw, 1024px\" \/>\t\t\t\t\t\t\t\t\t\t\t\t\t\t\t<\/div>\n\t\t\t\t<\/div>\n\t\t\t\t<\/div>\n\t\t\t\t<div class=\"elementor-element elementor-element-fb1a07c elementor-widget elementor-widget-text-editor\" data-id=\"fb1a07c\" data-element_type=\"widget\" data-e-type=\"widget\" data-widget_type=\"text-editor.default\">\n\t\t\t\t<div class=\"elementor-widget-container\">\n\t\t\t\t\t\t\t\t\t<h1 style=\"font-weight: 900; color: #00ab9f;\">What are basic workers' apartments -  our so called \u201eHandwerkerwohungen\u201c in german.<\/h1><p style=\"font-weight: 500; color: #909692;\" class=\"translation-block\">A workers' apartment is simple and affordable accommodation for workers, fitters, or construction workers who are assigned<br> to a project for a few days or weeks.<br><br>\nUnlike traditional apartments or hotels, workers' apartments do not offer any unnecessary comforts, but only the bare essentials:<br> sleeping facilities, cooking facilities, and sanitary facilities.<br><br>\nThe big advantage is that they are low-cost and therefore particularly attractive for companies that need to accommodate their<br> employees at a work site for only a short period of time.<\/p><hr style=\"margin: 30px 0;\" \/><h2 style=\"font-weight: 900; color: #00ab9f;\">What types of workers' accommodation are available?<\/h2><p style=\"font-weight: 500; color: #909692;\">There are different solutions depending on the project and team size:<\/p><p><span style=\"font-weight: 900; color: #00ab9f;\">Simple single apartment<\/span><br \/>A small apartment with a bed, cooking facilities, and bathroom\u2014perfect for individual workers who are  typically on site for a few days.<\/p><p><span style=\"font-weight: 900; color: #00ab9f;\">Compact team apartment<\/span><br \/>Several bedrooms or sleeping areas with shared use of kitchen and bathroom. Practical, uncomplicated, and ideal for short stays.<\/p><hr style=\"margin: 30px 0;\" \/><h2 style=\"font-weight: 900; color: #00ab9f;\">Basic worker apartment = workers apartment?<\/h2><p style=\"font-weight: 500; color: #909692;\" class=\"translation-block\">In everyday language, the terms \u201cBasic worker apartments\u201d and \u201cworker's apartment\u201d are often used synonymously. Both<br> describe furnished accommodation that is specially tailored to the needs of skilled workers on assignment.<\/p><p>We also differentiate between the level of comfort:<\/p><p class=\"translation-block\"><span style=\"font-weight: 900; color: #00ab9f;\">Handwerkerwohnung<\/span> = die <span style=\"font-weight: 900; color: #00ab9f;\">einfache und g\u00fcnstige Variante<\/span>, gedacht f\u00fcr kurze Eins\u00e4tze von wenigen Tagen bis Wochen. Ausstattung auf das Wesentliche reduziert.<\/p><p><span style=\"font-weight: 900; color: #00ab9f;\">(normal) Workers' accommodation<\/span> = die <span style=\"font-weight: 900; color: #00ab9f;\">&nbsp;<\/span>This is a more comfortable option, designed for longer construction or assembly projects. More space, better furnishings, designed<br> for long-term stays.<\/p><p><a style=\"text-decoration: none;\" href=\"\/en\/monteurwohnungen\/\"><span style=\"font-weight: 900; color: #00ab9f;\">\u2192 More information about workers' accommodation<\/span><\/a><\/p><hr style=\"margin: 30px 0;\" \/><h2 style=\"font-weight: 900; color: #00ab9f;\">Advantages of a mvs24 worker's apartment<\/h2><p style=\"font-weight: 500; color: #909692;\"><span style=\"color: #00ab9f; font-weight: 900; margin-right: 8px;\">\u2714<\/span>Very cost-effective \u2013 saves accommodation costs for short projects<br \/><span style=\"color: #00ab9f; font-weight: 900; margin-right: 8px;\">\u2714<\/span>Practical \u2013 equipped with sleeping areas, kitchen, and bathroom<br \/><span style=\"color: #00ab9f; font-weight: 900; margin-right: 8px;\">\u2714<\/span>Flexible rental period \u2013 ideal for a few days or a few weeks<br \/><span style=\"color: #00ab9f; font-weight: 900; margin-right: 8px;\">\u2714<\/span>Suitable for individuals and small teams<br \/><span style=\"color: #00ab9f; font-weight: 900; margin-right: 8px;\">\u2714<\/span>Available close to work locations \u2013 throughout Germany or even in major cities across Europe<\/p><hr style=\"margin: 30px 0;\" \/>\t\t\t\t\t\t\t\t<\/div>\n\t\t\t\t<\/div>\n\t\t\t\t<div class=\"elementor-element elementor-element-c349ce8 elementor-widget elementor-widget-button\" data-id=\"c349ce8\" data-element_type=\"widget\" data-e-type=\"widget\" data-widget_type=\"button.default\">\n\t\t\t\t<div class=\"elementor-widget-container\">\n\t\t\t\t\t\t\t\t\t<div class=\"elementor-button-wrapper translation-block\"><a class=\"elementor-button elementor-button-link elementor-size-sm\" href=\"\/en\/kontakt\/\" target=\"_self\">\n\t\t\t\t\t\t<span class=\"elementor-button-content-wrapper\">\n\t\t\t\t\t\t\t\t\t<span class=\"elementor-button-text\">Request now -<br>\nfor EUROPE\n<\/span>\n\t\t\t\t\t<\/span>\n\t\t\t\t\t<\/a><\/div>\n\t\t\t\t\t\t\t\t<\/div>\n\t\t\t\t<\/div>\n\t\t\t\t<div class=\"elementor-element elementor-element-841f0f0 elementor-widget elementor-widget-button\" data-id=\"841f0f0\" data-element_type=\"widget\" data-e-type=\"widget\" data-widget_type=\"button.default\">\n\t\t\t\t<div class=\"elementor-widget-container\">\n\t\t\t\t\t\t\t\t\t<div class=\"elementor-button-wrapper translation-block\"><a class=\"elementor-button elementor-button-link elementor-size-sm\" href=\"\/en\/kontakt\/?country=Deutschland\" target=\"_self\">\n\t\t\t\t\t\t<span class=\"elementor-button-content-wrapper\">\n\t\t\t\t\t\t\t\t\t<span class=\"elementor-button-text\">Request now -<br>\nfor GERMANY\n<\/span>\n\t\t\t\t\t<\/span>\n\t\t\t\t\t<\/a><\/div>\n\t\t\t\t\t\t\t\t<\/div>\n\t\t\t\t<\/div>\n\t\t\t\t<div class=\"elementor-element elementor-element-0d7343c elementor-widget elementor-widget-text-editor\" data-id=\"0d7343c\" data-element_type=\"widget\" data-e-type=\"widget\" data-widget_type=\"text-editor.default\">\n\t\t\t\t<div class=\"elementor-widget-container\">\n\t\t\t\t\t\t\t\t\t<h2 style=\"font-weight: 900; color: #00ab9f;\">Frequently asked questions (FAQ)<\/h2>\n<p style=\"font-weight: 500; color: #909692;\">\n<span style=\"font-weight: 900; color: #00ab9f;\">How long can you rent a worker's apartment?<\/span><br>\n\u2013 From a few days to several weeks. For longer stays, we recommend apartments for workers.<br><br>\n\n<span style=\"font-weight: 900; color: #00ab9f;\">What amenities are included?What amenities are included?<\/span><br>\n\u2013 The essentials: sleeping accommodations, cooking facilities, bathroom. No luxury amenities, but very affordable.<br><br>\n\n<span style=\"font-weight: 900; color: #00ab9f;\">Who are workers' apartments ideal for?<\/span><br>\n\u2013 For workers, construction teams, or small groups who need short-term, affordable accommodation near their place of work.<br><br>\n\n<span style=\"font-weight: 900; color: #00ab9f;\">Where does MVS offer workers' apartments?<\/span><br>\n\u2013 Throughout Germany. Also in metropolitan areas in Belgium, France, and the Netherlands.<br><br>\n\n<span style=\"font-weight: 900; color: #00ab9f;\">Is MVS24 a platform?<\/span><br>\n\u2013 No. We are a service agency and take care of everything so that you can concentrate fully on your project.<br><br>\n\n<span style=\"font-weight: 900; color: #00ab9f;\">Do the apartments belong to MVS?<\/span><br>\n\u2013 We are your direct landlord. We have the properties in our portfolio either through contractual partners or other long-term contracts.<br><br>\n\n<span style=\"font-weight: 900; color: #00ab9f;\">Does MVS24 search for properties on behalf of clients?<\/span><br>\n\u2013 Yes. If we cannot offer a suitable apartment or accommodation from our portfolio, we will search for suitable properties depending<br> on the project and general conditions. We take care of the entire process for you and ensure that you receive suitable accommodation.<br> Please contact us for individual advice.\n<\/p>\n<hr \/>\n\n<h2 style=\"font-weight: 900; color: #00ab9f;\">Contact us about workers' apartments now<\/h2>\n<p style=\"font-weight: 500; color: #909692;\">\n\ud83d\udc49 Are you looking for workers' apartments to rent for your team?<br>\nGet in touch with us today\u2014we'll find the right accommodation in your area. <span style=\"font-weight: 900; color: #00ab9f;\">&nbsp;<\/span> &nbsp;<br>\n&nbsp;\n<\/p>\n\t\t\t\t\t\t\t\t<\/div>\n\t\t\t\t<\/div>\n\t\t\t\t<div class=\"elementor-element elementor-element-9cd5c62 elementor-widget elementor-widget-button\" data-id=\"9cd5c62\" data-element_type=\"widget\" data-e-type=\"widget\" data-widget_type=\"button.default\">\n\t\t\t\t<div class=\"elementor-widget-container\">\n\t\t\t\t\t\t\t\t\t<div class=\"elementor-button-wrapper\">\n\t\t\t\t\t<a class=\"elementor-button elementor-button-link elementor-size-sm\" href=\"\/en\/kontakt\/?country=Deutschland\">\n\t\t\t\t\t\t<span class=\"elementor-button-content-wrapper\">\n\t\t\t\t\t\t\t\t\t<span class=\"elementor-button-text\">TO THE CONTACT FORM<\/span>\n\t\t\t\t\t<\/span>\n\t\t\t\t\t<\/a>\n\t\t\t\t<\/div>\n\t\t\t\t\t\t\t\t<\/div>\n\t\t\t\t<\/div>\n\t\t\t\t<\/div>\n\t\t\t\t\t<\/div>\n\t\t\t\t<\/div>\n\t\t\t\t<\/div>","protected":false},"excerpt":{"rendered":"<p>Was sind Handwerkerwohnungen? Eine Handwerkerwohnung ist eine einfache und preiswerte Unterkunft f\u00fcr Handwerker, Monteure oder Bauarbeiter, die f\u00fcr einige Tage [&hellip;]<\/p>","protected":false},"author":1,"featured_media":0,"parent":0,"menu_order":0,"comment_status":"closed","ping_status":"closed","template":"","meta":{"_seopress_robots_primary_cat":"","_seopress_titles_title":"Handwerkerwohnung f\u00fcr Firmen \u2013 schnell verf\u00fcgbar & planbar | MVS24","_seopress_titles_desc":"Handwerkerwohnungen f\u00fcr Unternehmen: praktisch ausgestattet, flexibel buchbar und ideal f\u00fcr Monteure & Handwerkerteams. Passende Unterkunft jetzt finden!","_seopress_robots_index":"","site-sidebar-layout":"no-sidebar","site-content-layout":"","ast-site-content-layout":"full-width-container","site-content-style":"default","site-sidebar-style":"default","ast-global-header-display":"","ast-banner-title-visibility":"","ast-main-header-display":"","ast-hfb-above-header-display":"","ast-hfb-below-header-display":"","ast-hfb-mobile-header-display":"","site-post-title":"disabled","ast-breadcrumbs-content":"","ast-featured-img":"disabled","footer-sml-layout":"","ast-disable-related-posts":"","theme-transparent-header-meta":"","adv-header-id-meta":"","stick-header-meta":"","header-above-stick-meta":"","header-main-stick-meta":"","header-below-stick-meta":"","astra-migrate-meta-layouts":"default","ast-page-background-enabled":"default","ast-page-background-meta":{"desktop":{"background-color":"var(--ast-global-color-4)","background-image":"","background-repeat":"repeat","background-position":"center center","background-size":"auto","background-attachment":"scroll","background-type":"","background-media":"","overlay-type":"","overlay-color":"","overlay-opacity":"","overlay-gradient":""},"tablet":{"background-color":"","background-image":"","background-repeat":"repeat","background-position":"center center","background-size":"auto","background-attachment":"scroll","background-type":"","background-media":"","overlay-type":"","overlay-color":"","overlay-opacity":"","overlay-gradient":""},"mobile":{"background-color":"","background-image":"","background-repeat":"repeat","background-position":"center center","background-size":"auto","background-attachment":"scroll","background-type":"","background-media":"","overlay-type":"","overlay-color":"","overlay-opacity":"","overlay-gradient":""}},"ast-content-background-meta":{"desktop":{"background-color":"var(--ast-global-color-5)","background-image":"","background-repeat":"repeat","background-position":"center center","background-size":"auto","background-attachment":"scroll","background-type":"","background-media":"","overlay-type":"","overlay-color":"","overlay-opacity":"","overlay-gradient":""},"tablet":{"background-color":"var(--ast-global-color-5)","background-image":"","background-repeat":"repeat","background-position":"center center","background-size":"auto","background-attachment":"scroll","background-type":"","background-media":"","overlay-type":"","overlay-color":"","overlay-opacity":"","overlay-gradient":""},"mobile":{"background-color":"var(--ast-global-color-5)","background-image":"","background-repeat":"repeat","background-position":"center center","background-size":"auto","background-attachment":"scroll","background-type":"","background-media":"","overlay-type":"","overlay-color":"","overlay-opacity":"","overlay-gradient":""}},"footnotes":""},"class_list":["post-370","page","type-page","status-publish","hentry"],"_links":{"self":[{"href":"https:\/\/mvs24.net\/en\/wp-json\/wp\/v2\/pages\/370","targetHints":{"allow":["GET"]}}],"collection":[{"href":"https:\/\/mvs24.net\/en\/wp-json\/wp\/v2\/pages"}],"about":[{"href":"https:\/\/mvs24.net\/en\/wp-json\/wp\/v2\/types\/page"}],"author":[{"embeddable":true,"href":"https:\/\/mvs24.net\/en\/wp-json\/wp\/v2\/users\/1"}],"replies":[{"embeddable":true,"href":"https:\/\/mvs24.net\/en\/wp-json\/wp\/v2\/comments?post=370"}],"version-history":[{"count":70,"href":"https:\/\/mvs24.net\/en\/wp-json\/wp\/v2\/pages\/370\/revisions"}],"predecessor-version":[{"id":3225,"href":"https:\/\/mvs24.net\/en\/wp-json\/wp\/v2\/pages\/370\/revisions\/3225"}],"wp:attachment":[{"href":"https:\/\/mvs24.net\/en\/wp-json\/wp\/v2\/media?parent=370"}],"curies":[{"name":"wp","href":"https:\/\/api.w.org\/{rel}","templated":true}]}}